{"id":40,"date":"2016-08-01T06:27:47","date_gmt":"2016-08-01T06:27:47","guid":{"rendered":"http:\/\/producirenchina.com\/?page_id=40"},"modified":"2020-02-13T23:36:35","modified_gmt":"2020-02-13T23:36:35","slug":"quien-somos","status":"publish","type":"page","link":"https:\/\/producirenchina.com\/index.php\/es\/quien-somos\/","title":{"rendered":"Qui\u00e9nes Somos"},"content":{"rendered":"\n<figure class=\"wp-block-image size-large is-resized\"><img loading=\"lazy\" decoding=\"async\" src=\"http:\/\/producirenchina.com\/wp-content\/uploads\/2020\/02\/CTS-presentacio\u0301n-FINAL-2-sm-1.jpg\" alt=\"Introducci\u00f3n de la empresa 2020\" class=\"wp-image-2378\" width=\"454\" height=\"340\" srcset=\"https:\/\/producirenchina.com\/wp-content\/uploads\/2020\/02\/CTS-presentacio\u0301n-FINAL-2-sm-1.jpg 800w, https:\/\/producirenchina.com\/wp-content\/uploads\/2020\/02\/CTS-presentacio\u0301n-FINAL-2-sm-1-600x449.jpg 600w, https:\/\/producirenchina.com\/wp-content\/uploads\/2020\/02\/CTS-presentacio\u0301n-FINAL-2-sm-1-300x225.jpg 300w, https:\/\/producirenchina.com\/wp-content\/uploads\/2020\/02\/CTS-presentacio\u0301n-FINAL-2-sm-1-768x575.jpg 768w\" sizes=\"auto, (max-width: 454px) 100vw, 454px\" \/><\/figure>\n\n\n\n<div class=\"wp-block-file\"><a href=\"http:\/\/producirenchina.com\/wp-content\/uploads\/2020\/02\/CTS-presentacio\u0301n-ESP-sm.pdf\">CTS- Presentaci\u00f3n, MOQ y precios de referencia<\/a><a href=\"http:\/\/producirenchina.com\/wp-content\/uploads\/2020\/02\/CTS-presentacio\u0301n-ESP-sm.pdf\" class=\"wp-block-file__button\" download>Download<\/a><\/div>\n\n\n<p style=\"text-align: center;\"><strong>QUI\u00c9NES SOMOS<\/strong><\/p>\n<p style=\"text-align: center;\"><strong>CTS<\/strong> (China Trading Solutions) es una empresa compuesta por un grupo de <strong>profesionales apasionados<\/strong> que se dedican a la producci\u00f3n de indumentaria en China. Contamos con m\u00e1s de 10 a\u00f1os de experiencia y dominamos el chino mandarin de forma fluida.<\/p>\n<p lang=\"es-SV\" style=\"text-align: center;\" align=\"LEFT\">Contamos con oficinas en China, Hong Kong y Buenos Aires donde se encuentra la sala de exposici\u00f3n de muestras. Estamos asociados a la c\u00e1mara de comercio Argentino-China y formamos parte de un grupo de empresas m\u00e1s grande por lo que <strong>contamos con cupo importador para Argentina<\/strong>, por lo que podemos proveer el producto FOB o DDP puesto en su dep\u00f3sito&nbsp;de Buenos Aires.<\/p>\n<p style=\"text-align: center;\" align=\"LEFT\">Contamos con una<strong> estructura flexible<\/strong> y los <strong>mejores proveedores<\/strong> de materias primas, fruto de muchos a\u00f1os de trabajo. Esto nos permite disminuir los costos en todas las etapas del proceso productivo. Con nuestro servicio integral de <strong>producci\u00f3n de indumentaria<\/strong>, puede comprar la <strong>mejor calidad<\/strong>, al <strong>menor precio<\/strong>, sin&nbsp;preocuparse por los errores de producci\u00f3n y dise\u00f1o (vea nuestro <a href=\"http:\/\/producirenchina.com\/index.php\/es\/producir-en-china-catalogo\/\">cat\u00e1logo<\/a>&nbsp;online).<\/p>\n<p style=\"text-align: center;\" align=\"LEFT\">Entendemos que muchos clientes prefieren trabajar con sus propias f\u00e1bricas, pero al mismo tiempo la&nbsp;<strong>diferencia horaria <\/strong>y la&nbsp;<strong>barrera ling\u00fc\u00edstica<\/strong>&nbsp;<strong>y cultural<\/strong> con China pueden ser muy&nbsp;grandes, por lo que ofrecemos el servicio de <strong>gesti\u00f3n de producci\u00f3n<\/strong>. De esta forma, le damos la posibilidad de operar con su f\u00e1brica actual como si estuviese en su propio pa\u00eds, hablando su propia lengua. Con nuestro servicio de gesti\u00f3n de la producci\u00f3n, producir en China nunca le result\u00f3&nbsp;tan c\u00f3modo.<\/p>\n<p><img loading=\"lazy\" decoding=\"async\" class=\"size-full wp-image-1330 aligncenter\" src=\"http:\/\/producirenchina.com\/wp-content\/uploads\/2016\/08\/Map3-FINAL.jpg\" alt=\"map3-final\" width=\"900\" height=\"467\" srcset=\"https:\/\/producirenchina.com\/wp-content\/uploads\/2016\/08\/Map3-FINAL.jpg 900w, https:\/\/producirenchina.com\/wp-content\/uploads\/2016\/08\/Map3-FINAL-600x311.jpg 600w, https:\/\/producirenchina.com\/wp-content\/uploads\/2016\/08\/Map3-FINAL-300x156.jpg 300w, https:\/\/producirenchina.com\/wp-content\/uploads\/2016\/08\/Map3-FINAL-768x399.jpg 768w\" sizes=\"auto, (max-width: 900px) 100vw, 900px\" \/><\/p>\n<p style=\"text-align: center;\">&nbsp;&nbsp;Muchas empresas que trasladaron su producci\u00f3n a China tuvieron&nbsp;malas experiencias causadas por la falta de comunicaci\u00f3n, barrera ling\u00fc\u00edstica o simplemente por no poder estar presentes durante la producci\u00f3n. Nosotros somos capaces de eliminar todas estas graves problem\u00e1ticas que pueden llevar a una empresa a la quiebra y dejar solo las ventajas competitivas. Nuestra propuesta es&nbsp;concentrarnos&nbsp;en la producci\u00f3n y en la calidad, mientras que ustedes se focalizan&nbsp;en la venta.<\/p>\n<p style=\"text-align: center;\">&#8212;&#8212;&#8212;&#8212;&#8212;&#8212;&#8212;&#8212;&#8212;&#8212;&#8212;&#8212;&#8212;&#8212;&#8212;<\/p>\n<p style=\"text-align: center;\"><strong>NUESTRAS F\u00c1BRICAS<\/strong><\/p>\n<p style=\"text-align: center;\">Contamos con una lista de f\u00e1bricas especializadas que producen indumentaria para marcas internacionales. Trabajamos sobre todo con f\u00e1bricas grandes que disponen de las mejores technolog\u00eda de producci\u00f3n de indumentaria y saben trabajar con todo tipo de materiales.<\/p>\n<p style=\"text-align: center;\">Dividimos el proceso de fabricaci\u00f3n de una prenda (materias primas, manuobra, etiquetas, bolsas\/cajas etc.) en varios fazones de tal manera que disminuyemos los gastos y ofrecemos la mejor calidad dado que cada parte de producci\u00f3n se realiza por un sitio especializado.<\/p>\n<p><\/p>\n<p style=\"text-align: center;\"><img loading=\"lazy\" decoding=\"async\" class=\"alignnone wp-image-1313\" src=\"http:\/\/producirenchina.com\/wp-content\/uploads\/2016\/08\/Fabrica1COR.jpg\" alt=\"fabrica1cor\" width=\"507\" height=\"338\" srcset=\"https:\/\/producirenchina.com\/wp-content\/uploads\/2016\/08\/Fabrica1COR.jpg 900w, https:\/\/producirenchina.com\/wp-content\/uploads\/2016\/08\/Fabrica1COR-600x400.jpg 600w, https:\/\/producirenchina.com\/wp-content\/uploads\/2016\/08\/Fabrica1COR-300x200.jpg 300w, https:\/\/producirenchina.com\/wp-content\/uploads\/2016\/08\/Fabrica1COR-768x512.jpg 768w\" sizes=\"auto, (max-width: 507px) 100vw, 507px\" \/>&nbsp; &nbsp; &nbsp; &nbsp; &nbsp;<img loading=\"lazy\" decoding=\"async\" class=\"alignnone wp-image-1315\" src=\"http:\/\/producirenchina.com\/wp-content\/uploads\/2016\/08\/Fabrica7COR.jpg\" alt=\"fabrica7cor\" width=\"507\" height=\"337\" srcset=\"https:\/\/producirenchina.com\/wp-content\/uploads\/2016\/08\/Fabrica7COR.jpg 900w, https:\/\/producirenchina.com\/wp-content\/uploads\/2016\/08\/Fabrica7COR-600x400.jpg 600w, https:\/\/producirenchina.com\/wp-content\/uploads\/2016\/08\/Fabrica7COR-300x200.jpg 300w, https:\/\/producirenchina.com\/wp-content\/uploads\/2016\/08\/Fabrica7COR-768x512.jpg 768w\" sizes=\"auto, (max-width: 507px) 100vw, 507px\" \/><\/p>","protected":false},"excerpt":{"rendered":"<p>QUI\u00c9NES SOMOS CTS (China Trading Solutions) es una empresa compuesta por un grupo de profesionales apasionados que se dedican a la producci\u00f3n de indumentaria en China. Contamos con m\u00e1s de 10 a\u00f1os de experiencia y dominamos el chino mandarin de forma fluida. Contamos con oficinas en China, Hong Kong y<\/p>\n","protected":false},"author":2,"featured_media":0,"parent":0,"menu_order":2,"comment_status":"closed","ping_status":"closed","template":"fullwidth.php","meta":{"footnotes":""},"class_list":["post-40","page","type-page","status-publish","hentry"],"aioseo_notices":[],"jetpack_sharing_enabled":true,"_links":{"self":[{"href":"https:\/\/producirenchina.com\/index.php\/wp-json\/wp\/v2\/pages\/40","targetHints":{"allow":["GET"]}}],"collection":[{"href":"https:\/\/producirenchina.com\/index.php\/wp-json\/wp\/v2\/pages"}],"about":[{"href":"https:\/\/producirenchina.com\/index.php\/wp-json\/wp\/v2\/types\/page"}],"author":[{"embeddable":true,"href":"https:\/\/producirenchina.com\/index.php\/wp-json\/wp\/v2\/users\/2"}],"replies":[{"embeddable":true,"href":"https:\/\/producirenchina.com\/index.php\/wp-json\/wp\/v2\/comments?post=40"}],"version-history":[{"count":55,"href":"https:\/\/producirenchina.com\/index.php\/wp-json\/wp\/v2\/pages\/40\/revisions"}],"predecessor-version":[{"id":2379,"href":"https:\/\/producirenchina.com\/index.php\/wp-json\/wp\/v2\/pages\/40\/revisions\/2379"}],"wp:attachment":[{"href":"https:\/\/producirenchina.com\/index.php\/wp-json\/wp\/v2\/media?parent=40"}],"curies":[{"name":"wp","href":"https:\/\/api.w.org\/{rel}","templated":true}]}}