{"id":1942,"date":"2017-02-15T08:49:18","date_gmt":"2017-02-15T08:49:18","guid":{"rendered":"http:\/\/producirenchina.com\/?page_id=1942"},"modified":"2017-03-01T06:57:47","modified_gmt":"2017-03-01T06:57:47","slug":"produccion-de-camperas-de-ninos","status":"publish","type":"page","link":"https:\/\/producirenchina.com\/index.php\/es\/produccion-de-camperas-de-ninos\/","title":{"rendered":"Producci\u00f3n de camperas de ni\u00f1os"},"content":{"rendered":"<p style=\"text-align: center;\"><strong>Producci\u00f3n de camperitas de ni\u00f1os de pluma para la temporada de invierno 2017\u00a0con la fecha de terminaci\u00f3n finales de enero 2017.<\/strong><\/p>\n<p style=\"text-align: center;\">Uno de los proyectos m\u00e1s desafiantes fue fabricaci\u00f3n de camperitas de ni\u00f1os de pluma para una marca argentina boutique.\u00a0En total preparamos dos modelos, uno de nene y uno de nena, en 12 talles desde los talles de beb\u00e9s de 18 meses hasta los talles de adolescentes.<\/p>\n<p style=\"text-align: center;\"><strong>Orden:<\/strong> En total preparamos camperitas de cuatro colores distintos. El modelo de nene\u00a0lo fabricamos en color negro, tambien en azul marino para el shell y celeste asi como tambien en cobre para el lining. El modelo de nena\u00a0lo fabricamos en color crema y azul marino para el shell y lining. Los dos modelos est\u00e1n basados en una ficha t\u00e9cnica extensa y detallada.<\/p>\n<p style=\"text-align: center;\"><img loading=\"lazy\" decoding=\"async\" class=\"aligncenter size-full wp-image-2007\" src=\"http:\/\/producirenchina.com\/wp-content\/uploads\/2017\/02\/FichaP\u00e1gina-600-x-425-2.jpg\" alt=\"FichaP\u00e1gina (600 x 425) 2\" width=\"600\" height=\"425\" srcset=\"https:\/\/producirenchina.com\/wp-content\/uploads\/2017\/02\/FichaP\u00e1gina-600-x-425-2.jpg 600w, https:\/\/producirenchina.com\/wp-content\/uploads\/2017\/02\/FichaP\u00e1gina-600-x-425-2-416x295.jpg 416w, https:\/\/producirenchina.com\/wp-content\/uploads\/2017\/02\/FichaP\u00e1gina-600-x-425-2-300x213.jpg 300w\" sizes=\"auto, (max-width: 600px) 100vw, 600px\" \/><\/p>\n<p style=\"text-align: center;\"><strong>Accesorios: <\/strong>En el caso de esta orden lo m\u00e1s importante para el cliente fue el corte y su funcionalidad. Dejamos producir tres tipos de etiquetas (seg\u00fan talles y estilo) seg\u00fan el dise\u00f1o del cliente. Aparte preparamos etiquetas internas, botones (tipo snap) gen\u00e9ricos y cierres de tama\u00f1o y estilo com\u00fan.<\/p>\n<p style=\"text-align: center;\"><strong>Material:<\/strong>\u00a050% plum\u00f3n (down), 50% fibra de pluma, nylon ripstop (shell y lining), cierres de nylon<\/p>\n<p style=\"text-align: center;\">\u00a0Los requisitos del cliente fueron crear camperas de ni\u00f1os ligeras pero abrigadas al mismo timpo. La idea era crear camperas de look moderno y fino en talles de ni\u00f1os.<\/p>\n<p style=\"text-align: center;\">En la foto de abajo pueden observar como qued\u00f3 el modelo de nena en color crema.<\/p>\n<p style=\"text-align: center;\"><img loading=\"lazy\" decoding=\"async\" class=\"aligncenter wp-image-1947 size-full\" src=\"http:\/\/producirenchina.com\/wp-content\/uploads\/2017\/02\/NenaCrema-combo-PNG-600-x-199-1.jpg\" alt=\"Modelo fino FROZEN de nena en color crema. Nuevo modelo de PIOPPA fabricado en China con CTS.\" width=\"600\" height=\"199\" srcset=\"https:\/\/producirenchina.com\/wp-content\/uploads\/2017\/02\/NenaCrema-combo-PNG-600-x-199-1.jpg 600w, https:\/\/producirenchina.com\/wp-content\/uploads\/2017\/02\/NenaCrema-combo-PNG-600-x-199-1-416x138.jpg 416w, https:\/\/producirenchina.com\/wp-content\/uploads\/2017\/02\/NenaCrema-combo-PNG-600-x-199-1-300x100.jpg 300w\" sizes=\"auto, (max-width: 600px) 100vw, 600px\" \/><\/p>\n<p style=\"text-align: center;\">En la foto de abajo pueden observar como qued\u00f3 el modelo de nene\u00a0en color de shell negro y lining color\u00a0cobre.<\/p>\n<p style=\"text-align: center;\"><img loading=\"lazy\" decoding=\"async\" class=\"aligncenter wp-image-1945 size-full\" src=\"http:\/\/producirenchina.com\/wp-content\/uploads\/2017\/02\/NeneBlack-combo-PNG-600-x-172.jpg\" alt=\"Modelo de nene FROST de la marca PIOPPA fabricado en China con CTS.\" width=\"600\" height=\"172\" srcset=\"https:\/\/producirenchina.com\/wp-content\/uploads\/2017\/02\/NeneBlack-combo-PNG-600-x-172.jpg 600w, https:\/\/producirenchina.com\/wp-content\/uploads\/2017\/02\/NeneBlack-combo-PNG-600-x-172-416x119.jpg 416w, https:\/\/producirenchina.com\/wp-content\/uploads\/2017\/02\/NeneBlack-combo-PNG-600-x-172-300x86.jpg 300w\" sizes=\"auto, (max-width: 600px) 100vw, 600px\" \/>\u00a0El mayor desaf\u00edo en este proyecto fue la cantidad enorme de talles variando desde beb\u00e9s hasta adolescentes. La carga fue enviada antes del a\u00f1o nuevo chino.<\/p>\n<p style=\"text-align: center;\">Tienen su propia marca de ropa? Les gustar\u00eda agregar camperitas de ni\u00f1os a su pr\u00f3xima colecci\u00f3n de oto\u00f1o\/invierno? No duden en\u00a0ponerse en <a href=\"http:\/\/producirenchina.com\/index.php\/es\/contacto\/\">contacto con nosotros<\/a>.<\/p>\n","protected":false},"excerpt":{"rendered":"<p>Producci\u00f3n de camperitas de ni\u00f1os de pluma para la temporada de invierno 2017\u00a0con la fecha de terminaci\u00f3n finales de enero 2017. Uno de los proyectos m\u00e1s desafiantes fue fabricaci\u00f3n de camperitas de ni\u00f1os de pluma para una marca argentina boutique.\u00a0En total preparamos dos modelos, uno de nene y uno de<\/p>\n","protected":false},"author":2,"featured_media":0,"parent":0,"menu_order":0,"comment_status":"closed","ping_status":"closed","template":"fullwidth.php","meta":{"footnotes":""},"class_list":["post-1942","page","type-page","status-publish","hentry"],"aioseo_notices":[],"jetpack_sharing_enabled":true,"_links":{"self":[{"href":"https:\/\/producirenchina.com\/index.php\/wp-json\/wp\/v2\/pages\/1942","targetHints":{"allow":["GET"]}}],"collection":[{"href":"https:\/\/producirenchina.com\/index.php\/wp-json\/wp\/v2\/pages"}],"about":[{"href":"https:\/\/producirenchina.com\/index.php\/wp-json\/wp\/v2\/types\/page"}],"author":[{"embeddable":true,"href":"https:\/\/producirenchina.com\/index.php\/wp-json\/wp\/v2\/users\/2"}],"replies":[{"embeddable":true,"href":"https:\/\/producirenchina.com\/index.php\/wp-json\/wp\/v2\/comments?post=1942"}],"version-history":[{"count":11,"href":"https:\/\/producirenchina.com\/index.php\/wp-json\/wp\/v2\/pages\/1942\/revisions"}],"predecessor-version":[{"id":2012,"href":"https:\/\/producirenchina.com\/index.php\/wp-json\/wp\/v2\/pages\/1942\/revisions\/2012"}],"wp:attachment":[{"href":"https:\/\/producirenchina.com\/index.php\/wp-json\/wp\/v2\/media?parent=1942"}],"curies":[{"name":"wp","href":"https:\/\/api.w.org\/{rel}","templated":true}]}}