{"id":1917,"date":"2017-02-15T08:46:36","date_gmt":"2017-02-15T08:46:36","guid":{"rendered":"http:\/\/producirenchina.com\/?page_id=1917"},"modified":"2017-03-01T06:53:32","modified_gmt":"2017-03-01T06:53:32","slug":"fabricacion-de-camperas-y-chalecos-de-pluma","status":"publish","type":"page","link":"https:\/\/producirenchina.com\/index.php\/es\/fabricacion-de-camperas-y-chalecos-de-pluma\/","title":{"rendered":"Fabricaci\u00f3n de camperas y chalecos de pluma"},"content":{"rendered":"<p style=\"text-align: center;\"><strong>Fabricaci\u00f3n de camperas y chalecos de pluma para la temporada de invierno 2017 con fecha de entrega finales de enero 2017<\/strong><\/p>\n<p style=\"text-align: center;\">Para la temporada de oto\u00f1o e invierno 2017 preparamos un modelo de campera de pluma y un modelo de chaleco para una\u00a0conocida marca argentina.Los dos modelos de hombre en 4 talles en color azul marino. La producci\u00f3n era basada en una muestra que nos entreg\u00f3\u00a0el cliente y sus adicionales cambios.<\/p>\n<p style=\"text-align: center;\"><img loading=\"lazy\" decoding=\"async\" class=\"aligncenter size-full wp-image-1999\" src=\"http:\/\/producirenchina.com\/wp-content\/uploads\/2017\/02\/FICHA-P\u00e1gina-3-600-x-481.jpg\" alt=\"FICHA P\u00e1gina 3 (600 x 481)\" width=\"600\" height=\"481\" srcset=\"https:\/\/producirenchina.com\/wp-content\/uploads\/2017\/02\/FICHA-P\u00e1gina-3-600-x-481.jpg 600w, https:\/\/producirenchina.com\/wp-content\/uploads\/2017\/02\/FICHA-P\u00e1gina-3-600-x-481-416x333.jpg 416w, https:\/\/producirenchina.com\/wp-content\/uploads\/2017\/02\/FICHA-P\u00e1gina-3-600-x-481-300x241.jpg 300w\" sizes=\"auto, (max-width: 600px) 100vw, 600px\" \/><\/p>\n<p style=\"text-align: center;\"><strong>Accesorios:<\/strong> En este caso dejamos producir a medida cierres YKK (la mejor calidad, producidos en Jap\u00f3n), cabezales de cierres con el logo, etiqueta externa e interna, tres parches internos con la talle y la marca, dos tipos de botones con el logo y la salida de cable del celular. Aparte cada prenda tiene impresi\u00f3n con logo de la marca en 3D (la campera en el brazo izquierdo y el chaleco enfrente en el segundo canel\u00f3n desde abajo.<\/p>\n<p style=\"text-align: center;\"><strong>Material:<\/strong>\u00a090% plum\u00f3n (down), 10% fibra de pluma, nylon, cierres YKK<\/p>\n<p style=\"text-align: center;\">Los requisitos del cliente fueron crear una campera elegante abrigada con peso ligero y dise\u00f1o \u00fanico. El cliente decidi\u00f3 agregar 20% m\u00e1s de relleno que lo que ten\u00edan las muestras originales. Se usaron materiales de la mejor calidad en el mercado.<\/p>\n<p style=\"text-align: center;\"><img loading=\"lazy\" decoding=\"async\" class=\"aligncenter size-full wp-image-2000\" src=\"http:\/\/producirenchina.com\/wp-content\/uploads\/2017\/02\/JacketVestCOMBO-PNG-600-x-317-SIN-LOGO.jpg\" alt=\"JacketVestCOMBO PNG (600 x 317) SIN LOGO\" width=\"600\" height=\"317\" srcset=\"https:\/\/producirenchina.com\/wp-content\/uploads\/2017\/02\/JacketVestCOMBO-PNG-600-x-317-SIN-LOGO.jpg 600w, https:\/\/producirenchina.com\/wp-content\/uploads\/2017\/02\/JacketVestCOMBO-PNG-600-x-317-SIN-LOGO-416x220.jpg 416w, https:\/\/producirenchina.com\/wp-content\/uploads\/2017\/02\/JacketVestCOMBO-PNG-600-x-317-SIN-LOGO-300x159.jpg 300w\" sizes=\"auto, (max-width: 600px) 100vw, 600px\" \/><\/p>\n<p style=\"text-align: center;\">La producci\u00f3n final se envi\u00f3 en cajas de cart\u00f3n con el embalaje interno de pl\u00e1stico.\u00a0Se cumplio con las fechas l\u00edmites y la mercader\u00eda sali\u00f3 justo antes de que empez\u00f3 el festejo del a\u00f1o nuevo chino.<\/p>\n<p style=\"text-align: center;\"><img loading=\"lazy\" decoding=\"async\" class=\"aligncenter wp-image-1915 \" src=\"http:\/\/producirenchina.com\/wp-content\/uploads\/2017\/02\/CajasJPG-600-x-300.jpg\" alt=\"Cajas con la producci\u00f3n de camperas para la marca BENSIMON preparadas para el env\u00edo. \" width=\"532\" height=\"266\" srcset=\"https:\/\/producirenchina.com\/wp-content\/uploads\/2017\/02\/CajasJPG-600-x-300.jpg 600w, https:\/\/producirenchina.com\/wp-content\/uploads\/2017\/02\/CajasJPG-600-x-300-416x208.jpg 416w, https:\/\/producirenchina.com\/wp-content\/uploads\/2017\/02\/CajasJPG-600-x-300-300x150.jpg 300w\" sizes=\"auto, (max-width: 532px) 100vw, 532px\" \/><\/p>\n<p style=\"text-align: center;\">Tienen su propia marca de ropa? Les gustar\u00eda fabricar camperas de pluma en con nosotros? No duden en contactarnos atrav\u00e9s de nuestro <a href=\"http:\/\/producirenchina.com\/index.php\/es\/contacto\/\">formulario de contacto<\/a>!<\/p>\n","protected":false},"excerpt":{"rendered":"<p>Fabricaci\u00f3n de camperas y chalecos de pluma para la temporada de invierno 2017 con fecha de entrega finales de enero 2017 Para la temporada de oto\u00f1o e invierno 2017 preparamos un modelo de campera de pluma y un modelo de chaleco para una\u00a0conocida marca argentina.Los dos modelos de hombre en<\/p>\n","protected":false},"author":2,"featured_media":0,"parent":0,"menu_order":0,"comment_status":"closed","ping_status":"closed","template":"fullwidth.php","meta":{"footnotes":""},"class_list":["post-1917","page","type-page","status-publish","hentry"],"aioseo_notices":[],"jetpack_sharing_enabled":true,"_links":{"self":[{"href":"https:\/\/producirenchina.com\/index.php\/wp-json\/wp\/v2\/pages\/1917","targetHints":{"allow":["GET"]}}],"collection":[{"href":"https:\/\/producirenchina.com\/index.php\/wp-json\/wp\/v2\/pages"}],"about":[{"href":"https:\/\/producirenchina.com\/index.php\/wp-json\/wp\/v2\/types\/page"}],"author":[{"embeddable":true,"href":"https:\/\/producirenchina.com\/index.php\/wp-json\/wp\/v2\/users\/2"}],"replies":[{"embeddable":true,"href":"https:\/\/producirenchina.com\/index.php\/wp-json\/wp\/v2\/comments?post=1917"}],"version-history":[{"count":10,"href":"https:\/\/producirenchina.com\/index.php\/wp-json\/wp\/v2\/pages\/1917\/revisions"}],"predecessor-version":[{"id":2011,"href":"https:\/\/producirenchina.com\/index.php\/wp-json\/wp\/v2\/pages\/1917\/revisions\/2011"}],"wp:attachment":[{"href":"https:\/\/producirenchina.com\/index.php\/wp-json\/wp\/v2\/media?parent=1917"}],"curies":[{"name":"wp","href":"https:\/\/api.w.org\/{rel}","templated":true}]}}