{"id":1777,"date":"2017-01-08T07:54:22","date_gmt":"2017-01-08T07:54:22","guid":{"rendered":"http:\/\/producirenchina.com\/?page_id=1777"},"modified":"2017-06-16T15:17:46","modified_gmt":"2017-06-16T15:17:46","slug":"fabricacion-de-camperas-de-pluma-genericas","status":"publish","type":"page","link":"https:\/\/producirenchina.com\/index.php\/es\/fabricacion-de-camperas-de-pluma-genericas\/","title":{"rendered":"Fabricaci\u00f3n de camperas de pluma gen\u00e9ricas"},"content":{"rendered":"<p style=\"text-align: center;\"><strong>Fabricaci\u00f3n de camperas de pluma con\u00a0fecha de entrega mitad de enero 2017.<\/strong><\/p>\n<p style=\"text-align: center;\">A finales de octubre aceptamos una orden de 1800 camperas con marca gen\u00e9rica de tal manera que en Argentina se \u00a0les pueda agregar impresi\u00f3n o etiqueta de cualquier otra marca. As\u00ed las camperas se pueden vender por mayor y menor.<\/p>\n<p style=\"text-align: center;\"><strong>Orden:<\/strong>\u00a01800 camperas de 90% de plum\u00f3n y 10% de fibra de pluma (modelos <a href=\"http:\/\/producirenchina.com\/index.php\/es\/catalogo-de-produccion-de-indumentaria-hombre\/?&amp;SingleProduct=143\">#P-9065<\/a>\u00a0de hombre y <a href=\"http:\/\/producirenchina.com\/index.php\/es\/catalogo-de-produccion-de-mujer\/?&amp;SingleProduct=58\">#P-9015<\/a> de mujer de nuestro cat\u00e1logo). El cliente eligi\u00f3 <strong>un modelo de hombre y uno de mujer cada uno en tres colores (hombre: azul marino, negro y bord\u00f3 \/ mujer: azul marino, negro y rosa claro).<\/strong><\/p>\n<p style=\"text-align: center;\"><img loading=\"lazy\" decoding=\"async\" class=\"aligncenter wp-image-1780\" src=\"http:\/\/producirenchina.com\/wp-content\/uploads\/2017\/01\/WebsiteCamperas-600-x-304-300x152.jpg\" alt=\"Dos modelos de camperas de nuestro cat\u00e1logo que sirvieron como muestras para la producci\u00f3n. Producci\u00f3n de camperas en China.\" width=\"450\" height=\"228\" srcset=\"https:\/\/producirenchina.com\/wp-content\/uploads\/2017\/01\/WebsiteCamperas-600-x-304-300x152.jpg 300w, https:\/\/producirenchina.com\/wp-content\/uploads\/2017\/01\/WebsiteCamperas-600-x-304-416x211.jpg 416w, https:\/\/producirenchina.com\/wp-content\/uploads\/2017\/01\/WebsiteCamperas-600-x-304.jpg 600w\" sizes=\"auto, (max-width: 450px) 100vw, 450px\" \/><\/p>\n<p style=\"text-align: center;\"><strong>Accesorios:<\/strong>\u00a0cierres de bolsillos invisibles con el color de la campera, etiqueta externa compuesta de tres partes con impresi\u00f3n de ambos lados, bolsita para guardar la campera en el mismo color que la campera<\/p>\n<p style=\"text-align: center;\">\n<p style=\"text-align: center;\"><strong>Material:<\/strong>\u00a090% plum\u00f3n (down), 10% fibra de pluma, nylon ripstop, cierres YKK<\/p>\n<p style=\"text-align: center;\">Los requisitos del cliente fueron crear una campera ligera que entre en un bolsito chico (lo que se puede hacer gracias a la composici\u00f3n 90% de plum\u00f3n y 10% de fibra de pluma), una campera que mantenga calor (plum\u00f3n con buen filling power) y sea de estilo urban\/elegante en tres colores universales cada uno.<\/p>\n<p style=\"text-align: center;\">El cliente pidi\u00f3 agregar 15% de pluma a las muestras de camperas originales que tenemos en nuestro showroom en Buenos Aires. En la foto abajo pueden ver el producto terminado sin la etiqueta puesta en tres variaciones de color.<\/p>\n<p style=\"text-align: center;\"><img loading=\"lazy\" decoding=\"async\" class=\"aligncenter wp-image-1790 size-full\" src=\"http:\/\/producirenchina.com\/wp-content\/uploads\/2017\/01\/Campera-hombre2-600-x-256.jpg\" alt=\"Camperas de pluma fabricadas en China seg\u00fan los requerimientos del cliente argentino.\" width=\"600\" height=\"256\" srcset=\"https:\/\/producirenchina.com\/wp-content\/uploads\/2017\/01\/Campera-hombre2-600-x-256.jpg 600w, https:\/\/producirenchina.com\/wp-content\/uploads\/2017\/01\/Campera-hombre2-600-x-256-416x177.jpg 416w, https:\/\/producirenchina.com\/wp-content\/uploads\/2017\/01\/Campera-hombre2-600-x-256-300x128.jpg 300w\" sizes=\"auto, (max-width: 600px) 100vw, 600px\" \/><\/p>\n<p style=\"text-align: center;\">La diferencia ligera entre los colores azul marino de campera de hombre y mujer est\u00e1 causada por las diferentes condiciones luminosas a la hora de sacar fotos. Las telas usadas tienen el mismo color elegido por el cliente seg\u00fan la carta de colores com\u00fanes que tenemos disponibles en nuestro showroom.<\/p>\n<p style=\"text-align: center;\"><img loading=\"lazy\" decoding=\"async\" class=\"aligncenter wp-image-1779 size-full\" src=\"http:\/\/producirenchina.com\/wp-content\/uploads\/2017\/01\/Camperas-de-mujer2-600-x-252.jpg\" alt=\"Camperas de mujer de pluma producidas a medida para un cliente argentino.\" width=\"600\" height=\"252\" srcset=\"https:\/\/producirenchina.com\/wp-content\/uploads\/2017\/01\/Camperas-de-mujer2-600-x-252.jpg 600w, https:\/\/producirenchina.com\/wp-content\/uploads\/2017\/01\/Camperas-de-mujer2-600-x-252-416x175.jpg 416w, https:\/\/producirenchina.com\/wp-content\/uploads\/2017\/01\/Camperas-de-mujer2-600-x-252-300x126.jpg 300w\" sizes=\"auto, (max-width: 600px) 100vw, 600px\" \/><\/p>\n<p style=\"text-align: center;\">El cliente argentino nos pidi\u00f3 elaboral un material de marketing que le podr\u00eda ayudar con la promoci\u00f3n de la mercader\u00eda. Abajo pueden ver algunas muestras de este material.<\/p>\n<p style=\"text-align: center;\"><img loading=\"lazy\" decoding=\"async\" class=\"aligncenter wp-image-1875\" src=\"http:\/\/producirenchina.com\/wp-content\/uploads\/2017\/01\/CamperaDownCOMBO.jpg\" alt=\"CamperaDownCOMBO\" width=\"692\" height=\"368\" srcset=\"https:\/\/producirenchina.com\/wp-content\/uploads\/2017\/01\/CamperaDownCOMBO.jpg 1127w, https:\/\/producirenchina.com\/wp-content\/uploads\/2017\/01\/CamperaDownCOMBO-600x319.jpg 600w, https:\/\/producirenchina.com\/wp-content\/uploads\/2017\/01\/CamperaDownCOMBO-300x160.jpg 300w, https:\/\/producirenchina.com\/wp-content\/uploads\/2017\/01\/CamperaDownCOMBO-768x409.jpg 768w, https:\/\/producirenchina.com\/wp-content\/uploads\/2017\/01\/CamperaDownCOMBO-1024x545.jpg 1024w\" sizes=\"auto, (max-width: 692px) 100vw, 692px\" \/><\/p>\n<p style=\"text-align: center;\"><img loading=\"lazy\" decoding=\"async\" class=\"aligncenter size-full wp-image-1876\" src=\"http:\/\/producirenchina.com\/wp-content\/uploads\/2017\/01\/CamperaDownM06-600-x-360.jpg\" alt=\"CamperaDownM06 (600 x 360)\" width=\"600\" height=\"360\" srcset=\"https:\/\/producirenchina.com\/wp-content\/uploads\/2017\/01\/CamperaDownM06-600-x-360.jpg 600w, https:\/\/producirenchina.com\/wp-content\/uploads\/2017\/01\/CamperaDownM06-600-x-360-416x250.jpg 416w, https:\/\/producirenchina.com\/wp-content\/uploads\/2017\/01\/CamperaDownM06-600-x-360-300x180.jpg 300w\" sizes=\"auto, (max-width: 600px) 100vw, 600px\" \/><\/p>\n<p style=\"text-align: center;\">En la foto de abajo pueden observar la f\u00e1brica produciendo las camperas.<\/p>\n<p style=\"text-align: center;\"><img loading=\"lazy\" decoding=\"async\" class=\"aligncenter wp-image-1785\" src=\"http:\/\/producirenchina.com\/wp-content\/uploads\/2017\/01\/Fabricas-600-x-171.jpg\" alt=\"F\u00e1bricas de camperas de pluma terminando una orden de 1800 camperas para un cliente argentino.\" width=\"818\" height=\"233\" srcset=\"https:\/\/producirenchina.com\/wp-content\/uploads\/2017\/01\/Fabricas-600-x-171.jpg 600w, https:\/\/producirenchina.com\/wp-content\/uploads\/2017\/01\/Fabricas-600-x-171-416x119.jpg 416w, https:\/\/producirenchina.com\/wp-content\/uploads\/2017\/01\/Fabricas-600-x-171-300x86.jpg 300w\" sizes=\"auto, (max-width: 818px) 100vw, 818px\" \/><\/p>\n<p style=\"text-align: center;\">Les gustar\u00eda producir camperas con nosotros? Tienen su propia marca y les gustar\u00eda agregar ultra light 90% down camperas en su colecci\u00f3n de invierno? No duden en contactarnos atrav\u00e9s de nuestro <a href=\"http:\/\/producirenchina.com\/index.php\/es\/contacto\/\">formulario de contacto<\/a>!<\/p>\n","protected":false},"excerpt":{"rendered":"<p>Fabricaci\u00f3n de camperas de pluma con\u00a0fecha de entrega mitad de enero 2017. A finales de octubre aceptamos una orden de 1800 camperas con marca gen\u00e9rica de tal manera que en Argentina se \u00a0les pueda agregar impresi\u00f3n o etiqueta de cualquier otra marca. As\u00ed las camperas se pueden vender por mayor<\/p>\n","protected":false},"author":2,"featured_media":0,"parent":0,"menu_order":0,"comment_status":"closed","ping_status":"closed","template":"fullwidth.php","meta":{"footnotes":""},"class_list":["post-1777","page","type-page","status-publish","hentry"],"aioseo_notices":[],"jetpack_sharing_enabled":true,"_links":{"self":[{"href":"https:\/\/producirenchina.com\/index.php\/wp-json\/wp\/v2\/pages\/1777","targetHints":{"allow":["GET"]}}],"collection":[{"href":"https:\/\/producirenchina.com\/index.php\/wp-json\/wp\/v2\/pages"}],"about":[{"href":"https:\/\/producirenchina.com\/index.php\/wp-json\/wp\/v2\/types\/page"}],"author":[{"embeddable":true,"href":"https:\/\/producirenchina.com\/index.php\/wp-json\/wp\/v2\/users\/2"}],"replies":[{"embeddable":true,"href":"https:\/\/producirenchina.com\/index.php\/wp-json\/wp\/v2\/comments?post=1777"}],"version-history":[{"count":12,"href":"https:\/\/producirenchina.com\/index.php\/wp-json\/wp\/v2\/pages\/1777\/revisions"}],"predecessor-version":[{"id":2319,"href":"https:\/\/producirenchina.com\/index.php\/wp-json\/wp\/v2\/pages\/1777\/revisions\/2319"}],"wp:attachment":[{"href":"https:\/\/producirenchina.com\/index.php\/wp-json\/wp\/v2\/media?parent=1777"}],"curies":[{"name":"wp","href":"https:\/\/api.w.org\/{rel}","templated":true}]}}