{"id":1747,"date":"2017-01-06T13:20:56","date_gmt":"2017-01-06T13:20:56","guid":{"rendered":"http:\/\/producirenchina.com\/?page_id=1747"},"modified":"2017-01-07T05:39:01","modified_gmt":"2017-01-07T05:39:01","slug":"muestras-de-produccion-para-la-marca-john-foos","status":"publish","type":"page","link":"https:\/\/producirenchina.com\/index.php\/es\/muestras-de-produccion-para-la-marca-john-foos\/","title":{"rendered":"Muestras de producci\u00f3n para la marca JOHN FOOS"},"content":{"rendered":"<p style=\"text-align: center;\"><strong>Fabricaci\u00f3n de\u00a0muestras de producci\u00f3n para la marca John Foos.\u00a0<\/strong><\/p>\n<p style=\"text-align: center;\">Estamos agradecidos por obtener una oportunidad de desarollar unas muestras de producci\u00f3n para la marca argentina de calzado John Foos. John Foos es una marca grande y tradicional cuya hist\u00f3ria empieza en el a\u00f1o 1966. Tal como se puede observar en su p\u00e1gina web (www.johnfoosla.com) ya m\u00e1s que 50 a\u00f1os calzan a los j\u00f3venes argentinos.<\/p>\n<p style=\"text-align: center;\"><img loading=\"lazy\" decoding=\"async\" class=\"aligncenter wp-image-1756\" src=\"http:\/\/producirenchina.com\/wp-content\/uploads\/2017\/01\/Website7-300x125.jpg\" alt=\"Muestras de fabricaci\u00f3n para la marca John Foos, capelladas y zapatillas vulcanizadas\" width=\"450\" height=\"188\" srcset=\"https:\/\/producirenchina.com\/wp-content\/uploads\/2017\/01\/Website7-300x125.jpg 300w, https:\/\/producirenchina.com\/wp-content\/uploads\/2017\/01\/Website7-416x173.jpg 416w, https:\/\/producirenchina.com\/wp-content\/uploads\/2017\/01\/Website7.jpg 600w\" sizes=\"auto, (max-width: 450px) 100vw, 450px\" \/><\/p>\n<p style=\"text-align: center;\">John Foos nos dej\u00f3 con varias muestras de molder\u00eda y nos pidi\u00f3 <strong>desarollar cuatro pares de muestras de capelladas para moldeado en fr\u00edo y cuatro pares de zapatillas vulcanizadas terminadas<\/strong>\u00a0seg\u00fan las muestras de capelladas y fichas t\u00e9cnicas.<\/p>\n<p><img loading=\"lazy\" decoding=\"async\" class=\"aligncenter wp-image-1749\" src=\"http:\/\/producirenchina.com\/wp-content\/uploads\/2017\/01\/Website4-600-x-230-300x115.jpg\" alt=\"Muestra de fabricaci\u00f3n para la marca John Foos, molder\u00eda para el moldeado en fr\u00edo\" width=\"550\" height=\"211\" srcset=\"https:\/\/producirenchina.com\/wp-content\/uploads\/2017\/01\/Website4-600-x-230-300x115.jpg 300w, https:\/\/producirenchina.com\/wp-content\/uploads\/2017\/01\/Website4-600-x-230-416x159.jpg 416w, https:\/\/producirenchina.com\/wp-content\/uploads\/2017\/01\/Website4-600-x-230.jpg 600w\" sizes=\"auto, (max-width: 550px) 100vw, 550px\" \/><\/p>\n<p style=\"text-align: center;\">Primero desarollamos una lista de f\u00e1bricas potenciales en distintas provincias en China. Despu\u00e9s visitamos una por una\u00a0para definir una que nos parecio compatible con los altos\u00a0requisitos de calidad de John Foos y que ya tiene varios a\u00f1os de cooperaci\u00f3n con marcas internacionales como Vans y Benetton. Despu\u00e9s de elaborar un reporte detallado con fotos de la f\u00e1brica, John Foos confirm\u00f3 la fabricaci\u00f3n\u00a0de muestras de producci\u00f3n.<\/p>\n<p style=\"text-align: center;\">En la foto de abajo puede ver las <strong>capelladas originales a la iquierda<\/strong> contra las<strong> muestra de producci\u00f3n a la derecha<\/strong>. Se utilizaron materiales lo m\u00e1s cercanos a las capelladas originales sin embargo algunos \u00a0materiales se tienen que fabricar a medida por lo que no se pueden usar para hacer la primera tanda de muestras.<\/p>\n<p style=\"text-align: center;\"><img loading=\"lazy\" decoding=\"async\" class=\"aligncenter wp-image-1753 size-large\" src=\"http:\/\/producirenchina.com\/wp-content\/uploads\/2017\/01\/Website5-1024x191.jpg\" alt=\"Muestras de capelladas para la marca John Foos. Las capelladas originales a la izquierda y las muestras fabricadas en China a la derecha.\" width=\"900\" height=\"168\" srcset=\"https:\/\/producirenchina.com\/wp-content\/uploads\/2017\/01\/Website5-1024x191.jpg 1024w, https:\/\/producirenchina.com\/wp-content\/uploads\/2017\/01\/Website5-600x112.jpg 600w, https:\/\/producirenchina.com\/wp-content\/uploads\/2017\/01\/Website5-300x56.jpg 300w, https:\/\/producirenchina.com\/wp-content\/uploads\/2017\/01\/Website5-768x143.jpg 768w, https:\/\/producirenchina.com\/wp-content\/uploads\/2017\/01\/Website5.jpg 1545w\" sizes=\"auto, (max-width: 900px) 100vw, 900px\" \/><\/p>\n<p style=\"text-align: center;\">En la foto de abajo puede ver las <strong>capelladas originales a la iquierda<\/strong> contra las<strong> muestra de zapatillas a la derecha<\/strong>. Muy bien salieron sobre todo las impresiones de 3D que era la mayor preocupaci\u00f3n de John Foos.<\/p>\n<p style=\"text-align: center;\"><img loading=\"lazy\" decoding=\"async\" class=\"aligncenter wp-image-1754 size-large\" src=\"http:\/\/producirenchina.com\/wp-content\/uploads\/2017\/01\/Website6-1024x224.jpg\" alt=\"Muestras de zapatillas vulcanizadas para la marca John Foos. Las capelladas originales a la izquierda y las zapatillas producidas en China a la derecha.\" width=\"900\" height=\"197\" srcset=\"https:\/\/producirenchina.com\/wp-content\/uploads\/2017\/01\/Website6-1024x224.jpg 1024w, https:\/\/producirenchina.com\/wp-content\/uploads\/2017\/01\/Website6-600x131.jpg 600w, https:\/\/producirenchina.com\/wp-content\/uploads\/2017\/01\/Website6-300x65.jpg 300w, https:\/\/producirenchina.com\/wp-content\/uploads\/2017\/01\/Website6-768x168.jpg 768w, https:\/\/producirenchina.com\/wp-content\/uploads\/2017\/01\/Website6.jpg 1539w\" sizes=\"auto, (max-width: 900px) 100vw, 900px\" \/><\/p>\n<p style=\"text-align: center;\">Se realizaron 2 muestras vulcanizadas con el mismo proceso de Vans donde se funde la suela y la plantilla y otras 2 con el proceso de John Foos donde la plantilla se puede separar de la suela. Cada proceso tiene sus ventajas y todos los modelos resultaron de muy buena calidad.<\/p>\n<p style=\"text-align: center;\">Las muestras fueron enviadas a finales de octubre y desde este momento se elabor\u00f3 un extenso documento de evaluaci\u00f3n de calidad por los ingenieros de John Foos. El pr\u00f3ximo paso ser\u00eda la fabricaci\u00f3n de muestras de pre-producci\u00f3n.<\/p>\n<p style=\"text-align: center;\">Esperamos poder pronto empezar a cooperar con John Foos.<\/p>\n<p style=\"text-align: center;\"><img loading=\"lazy\" decoding=\"async\" class=\"aligncenter wp-image-1760 size-large\" src=\"http:\/\/producirenchina.com\/wp-content\/uploads\/2017\/01\/Website8-1024x238.jpg\" alt=\"Muestras de zapatillas vulcanizadas preparadas para la marca John Foos.\" width=\"900\" height=\"209\" srcset=\"https:\/\/producirenchina.com\/wp-content\/uploads\/2017\/01\/Website8-1024x238.jpg 1024w, https:\/\/producirenchina.com\/wp-content\/uploads\/2017\/01\/Website8-600x139.jpg 600w, https:\/\/producirenchina.com\/wp-content\/uploads\/2017\/01\/Website8-300x70.jpg 300w, https:\/\/producirenchina.com\/wp-content\/uploads\/2017\/01\/Website8-768x178.jpg 768w, https:\/\/producirenchina.com\/wp-content\/uploads\/2017\/01\/Website8.jpg 1578w\" sizes=\"auto, (max-width: 900px) 100vw, 900px\" \/><\/p>\n<p style=\"text-align: center;\">Les gustar\u00eda producir zapatillas vulcanizadas o de moldeado en frio\u00a0en China con nosotros? Tenemos la experiencia y la capacidad t\u00e9cnica para lograr el mejor calzado.\u00a0No duden de ponerse en contacto con nosotros.<\/p>\n<p>&nbsp;<\/p>\n<p>&nbsp;<\/p>\n","protected":false},"excerpt":{"rendered":"<p>Fabricaci\u00f3n de\u00a0muestras de producci\u00f3n para la marca John Foos.\u00a0 Estamos agradecidos por obtener una oportunidad de desarollar unas muestras de producci\u00f3n para la marca argentina de calzado John Foos. John Foos es una marca grande y tradicional cuya hist\u00f3ria empieza en el a\u00f1o 1966. Tal como se puede observar en<\/p>\n","protected":false},"author":2,"featured_media":0,"parent":0,"menu_order":0,"comment_status":"closed","ping_status":"closed","template":"fullwidth.php","meta":{"footnotes":""},"class_list":["post-1747","page","type-page","status-publish","hentry"],"aioseo_notices":[],"jetpack_sharing_enabled":true,"_links":{"self":[{"href":"https:\/\/producirenchina.com\/index.php\/wp-json\/wp\/v2\/pages\/1747","targetHints":{"allow":["GET"]}}],"collection":[{"href":"https:\/\/producirenchina.com\/index.php\/wp-json\/wp\/v2\/pages"}],"about":[{"href":"https:\/\/producirenchina.com\/index.php\/wp-json\/wp\/v2\/types\/page"}],"author":[{"embeddable":true,"href":"https:\/\/producirenchina.com\/index.php\/wp-json\/wp\/v2\/users\/2"}],"replies":[{"embeddable":true,"href":"https:\/\/producirenchina.com\/index.php\/wp-json\/wp\/v2\/comments?post=1747"}],"version-history":[{"count":9,"href":"https:\/\/producirenchina.com\/index.php\/wp-json\/wp\/v2\/pages\/1747\/revisions"}],"predecessor-version":[{"id":1770,"href":"https:\/\/producirenchina.com\/index.php\/wp-json\/wp\/v2\/pages\/1747\/revisions\/1770"}],"wp:attachment":[{"href":"https:\/\/producirenchina.com\/index.php\/wp-json\/wp\/v2\/media?parent=1747"}],"curies":[{"name":"wp","href":"https:\/\/api.w.org\/{rel}","templated":true}]}}