{"id":1742,"date":"2017-01-06T03:04:53","date_gmt":"2017-01-06T03:04:53","guid":{"rendered":"http:\/\/producirenchina.com\/?page_id=1742"},"modified":"2017-01-08T05:43:35","modified_gmt":"2017-01-08T05:43:35","slug":"fabricacion-de-camperas-para-la-marca-ocban","status":"publish","type":"page","link":"https:\/\/producirenchina.com\/index.php\/es\/fabricacion-de-camperas-para-la-marca-ocban\/","title":{"rendered":"Fabricaci\u00f3n de camperas para la marca OCBAN"},"content":{"rendered":"<p style=\"text-align: center;\"><strong>Fabricaci\u00f3n de camperas de pluma para la marca OCBAN con la fecha de terminaci\u00f3n a principio de Noviembre del 2016.<\/strong><\/p>\n<p style=\"text-align: center;\">La marca OCBAN es una marca joven internacional que se dedica a vender por Amazon. Se enfocan en alta calidad y dise\u00f1o \u00fanico.<\/p>\n<p style=\"text-align: center;\"><strong>Orden:<\/strong>\u00a05 000 camperas de 90% de plum\u00f3n y 10% de fibra de pluma (modelos <a href=\"http:\/\/producirenchina.com\/index.php\/es\/catalogo-de-produccion-de-indumentaria-hombre\/?&amp;SingleProduct=256\">#P-9072<\/a> de hombre y <a href=\"http:\/\/producirenchina.com\/index.php\/es\/catalogo-de-produccion-de-mujer\/?&amp;SingleProduct=287\">#P-9044<\/a> de mujer de nuestro cat\u00e1logo)<\/p>\n<p style=\"text-align: center;\"><img loading=\"lazy\" decoding=\"async\" class=\"aligncenter wp-image-1774\" src=\"http:\/\/producirenchina.com\/wp-content\/uploads\/2017\/01\/Products-1-600-x-339-300x170.jpg\" alt=\"products-1-600-x-339\" width=\"450\" height=\"254\" srcset=\"https:\/\/producirenchina.com\/wp-content\/uploads\/2017\/01\/Products-1-600-x-339-300x170.jpg 300w, https:\/\/producirenchina.com\/wp-content\/uploads\/2017\/01\/Products-1-600-x-339-416x235.jpg 416w, https:\/\/producirenchina.com\/wp-content\/uploads\/2017\/01\/Products-1-600-x-339.jpg 600w\" sizes=\"auto, (max-width: 450px) 100vw, 450px\" \/><\/p>\n<p style=\"text-align: center;\"><strong>Accesorios:<\/strong>\u00a0tira cierre para los cabezales de cierres de color verde fluoro, la salida de cable de celular en el bolsillo interno, etiqueta interna y externa simple, bolsita para guardar la campera<\/p>\n<p style=\"text-align: center;\"><img loading=\"lazy\" decoding=\"async\" class=\"aligncenter wp-image-1729\" src=\"http:\/\/producirenchina.com\/wp-content\/uploads\/2017\/01\/Accesorios-600-x-290-300x145.jpg\" alt=\"Accesorios usados durante la fabricaci\u00f3n de camperas de pluma para la marca OCBAN.\" width=\"450\" height=\"217\" srcset=\"https:\/\/producirenchina.com\/wp-content\/uploads\/2017\/01\/Accesorios-600-x-290-300x145.jpg 300w, https:\/\/producirenchina.com\/wp-content\/uploads\/2017\/01\/Accesorios-600-x-290-416x201.jpg 416w, https:\/\/producirenchina.com\/wp-content\/uploads\/2017\/01\/Accesorios-600-x-290.jpg 600w\" sizes=\"auto, (max-width: 450px) 100vw, 450px\" \/><\/p>\n<p style=\"text-align: center;\"><strong>Material:<\/strong>\u00a0plum\u00f3n (down), fibra de pluma, nylon ripstop<\/p>\n<p style=\"text-align: center;\">Los requisitos de Ocban fueron crear una campera ligera que entre en un bolsito chico (lo que se puede hacer gracias a la composici\u00f3n 90% de plum\u00f3n y 10% de fibra de pluma), una campera que mantenga calor (plum\u00f3n con buen filling power) y sea de estilo urban\/elegante.<\/p>\n<p style=\"text-align: center;\"><img loading=\"lazy\" decoding=\"async\" class=\"aligncenter wp-image-1730 size-full\" src=\"http:\/\/producirenchina.com\/wp-content\/uploads\/2017\/01\/Outdoor-Banner-5-600-x-164.jpg\" alt=\"Presentaci\u00f3n online de camperas de pluma fabricadas a medida para la marca OCBAN. \" width=\"600\" height=\"164\" srcset=\"https:\/\/producirenchina.com\/wp-content\/uploads\/2017\/01\/Outdoor-Banner-5-600-x-164.jpg 600w, https:\/\/producirenchina.com\/wp-content\/uploads\/2017\/01\/Outdoor-Banner-5-600-x-164-416x114.jpg 416w, https:\/\/producirenchina.com\/wp-content\/uploads\/2017\/01\/Outdoor-Banner-5-600-x-164-300x82.jpg 300w\" sizes=\"auto, (max-width: 600px) 100vw, 600px\" \/><\/p>\n<p style=\"text-align: center;\">Se us\u00f3 el nylon ripstop para evitar desgarros y la technolog\u00eda de relleno de pluma que evita que las plumas individuales se salgan de la campera.<\/p>\n<p style=\"text-align: center;\"><img loading=\"lazy\" decoding=\"async\" class=\"aligncenter wp-image-1732 size-full\" src=\"http:\/\/producirenchina.com\/wp-content\/uploads\/2017\/01\/OcbanAmazonCorrected-600-x-265.jpg\" alt=\"El sitio online en la p\u00e1gina amazon d\u00f3nde se pueden comprar las camperas OCBAN fabricadas a medida en China.\" width=\"600\" height=\"265\" srcset=\"https:\/\/producirenchina.com\/wp-content\/uploads\/2017\/01\/OcbanAmazonCorrected-600-x-265.jpg 600w, https:\/\/producirenchina.com\/wp-content\/uploads\/2017\/01\/OcbanAmazonCorrected-600-x-265-416x184.jpg 416w, https:\/\/producirenchina.com\/wp-content\/uploads\/2017\/01\/OcbanAmazonCorrected-600-x-265-300x133.jpg 300w\" sizes=\"auto, (max-width: 600px) 100vw, 600px\" \/><\/p>\n<p style=\"text-align: center;\">Les gustar\u00eda agregar camperas parecidas a su pr\u00f3xima colecci\u00f3n? No duden de ponerse en contacto con nosotros atraves de nuestro <a href=\"http:\/\/producirenchina.com\/index.php\/es\/contacto\/\">formulario de contacto<\/a>!<\/p>\n","protected":false},"excerpt":{"rendered":"<p>Fabricaci\u00f3n de camperas de pluma para la marca OCBAN con la fecha de terminaci\u00f3n a principio de Noviembre del 2016. La marca OCBAN es una marca joven internacional que se dedica a vender por Amazon. Se enfocan en alta calidad y dise\u00f1o \u00fanico. Orden:\u00a05 000 camperas de 90% de plum\u00f3n<\/p>\n","protected":false},"author":2,"featured_media":0,"parent":0,"menu_order":0,"comment_status":"closed","ping_status":"closed","template":"fullwidth.php","meta":{"footnotes":""},"class_list":["post-1742","page","type-page","status-publish","hentry"],"aioseo_notices":[],"jetpack_sharing_enabled":true,"_links":{"self":[{"href":"https:\/\/producirenchina.com\/index.php\/wp-json\/wp\/v2\/pages\/1742","targetHints":{"allow":["GET"]}}],"collection":[{"href":"https:\/\/producirenchina.com\/index.php\/wp-json\/wp\/v2\/pages"}],"about":[{"href":"https:\/\/producirenchina.com\/index.php\/wp-json\/wp\/v2\/types\/page"}],"author":[{"embeddable":true,"href":"https:\/\/producirenchina.com\/index.php\/wp-json\/wp\/v2\/users\/2"}],"replies":[{"embeddable":true,"href":"https:\/\/producirenchina.com\/index.php\/wp-json\/wp\/v2\/comments?post=1742"}],"version-history":[{"count":10,"href":"https:\/\/producirenchina.com\/index.php\/wp-json\/wp\/v2\/pages\/1742\/revisions"}],"predecessor-version":[{"id":1783,"href":"https:\/\/producirenchina.com\/index.php\/wp-json\/wp\/v2\/pages\/1742\/revisions\/1783"}],"wp:attachment":[{"href":"https:\/\/producirenchina.com\/index.php\/wp-json\/wp\/v2\/media?parent=1742"}],"curies":[{"name":"wp","href":"https:\/\/api.w.org\/{rel}","templated":true}]}}