{"id":1734,"date":"2017-01-06T02:32:04","date_gmt":"2017-01-06T02:32:04","guid":{"rendered":"http:\/\/producirenchina.com\/?page_id=1734"},"modified":"2017-01-07T06:02:28","modified_gmt":"2017-01-07T06:02:28","slug":"fabricacion-de-billeteras-para-la-marca-plegaria","status":"publish","type":"page","link":"https:\/\/producirenchina.com\/index.php\/es\/fabricacion-de-billeteras-para-la-marca-plegaria\/","title":{"rendered":"Fabricaci\u00f3n de billeteras para la marca PLEGARIA"},"content":{"rendered":"<p style=\"text-align: center;\"><strong>Fabricaci\u00f3n de billeteras para el cliente PLEGARIA con la fecha de entrega a fin de Noviembre 2016.<\/strong><\/p>\n<p style=\"text-align: center;\">Plegaria es una marca joven argentina que crece r\u00e1pido y seguro. Plegaria es nuestro cliente habitual con el que ya producimos en el pasado. Plegaria se especializa en\u00a0indumentaria de hombre joven de alta calidad.<\/p>\n<p style=\"text-align: center;\"><img loading=\"lazy\" decoding=\"async\" class=\"aligncenter wp-image-1738\" src=\"http:\/\/producirenchina.com\/wp-content\/uploads\/2017\/01\/Billeteras-Conjunto-600-x-600-600-x-340-300x170.jpg\" alt=\"billeteras-conjunto-600-x-600-600-x-340\" width=\"450\" height=\"255\" srcset=\"https:\/\/producirenchina.com\/wp-content\/uploads\/2017\/01\/Billeteras-Conjunto-600-x-600-600-x-340-300x170.jpg 300w, https:\/\/producirenchina.com\/wp-content\/uploads\/2017\/01\/Billeteras-Conjunto-600-x-600-600-x-340-416x236.jpg 416w, https:\/\/producirenchina.com\/wp-content\/uploads\/2017\/01\/Billeteras-Conjunto-600-x-600-600-x-340.jpg 600w\" sizes=\"auto, (max-width: 450px) 100vw, 450px\" \/><\/p>\n<p style=\"text-align: center;\">El portafolio de Plegaria incluye todos los productos desde remeras hasta llaveros.<\/p>\n<p style=\"text-align: center;\"><strong>Orden:<\/strong> 10 200 billeteras de 6 estilos cada uno en tres variaciones de color (negro, negro\/mar\u00f3n y mar\u00f3n)<\/p>\n<p style=\"text-align: center;\"><strong>Accesorios:<\/strong> Cajas con el logo Plegaria, etiquetas internas seg\u00fan los requisitos de la aduana, etiquetas externas (hangtags) con el hilo.<\/p>\n<p style=\"text-align: center;\"><img loading=\"lazy\" decoding=\"async\" class=\"aligncenter wp-image-1721 \" src=\"http:\/\/producirenchina.com\/wp-content\/uploads\/2017\/01\/Caja-600-x-600-y-Etiqueta-1024x343.jpg\" alt=\"caja-600-x-600-y-etiqueta\" width=\"634\" height=\"212\" srcset=\"https:\/\/producirenchina.com\/wp-content\/uploads\/2017\/01\/Caja-600-x-600-y-Etiqueta-1024x343.jpg 1024w, https:\/\/producirenchina.com\/wp-content\/uploads\/2017\/01\/Caja-600-x-600-y-Etiqueta-600x201.jpg 600w, https:\/\/producirenchina.com\/wp-content\/uploads\/2017\/01\/Caja-600-x-600-y-Etiqueta-300x100.jpg 300w, https:\/\/producirenchina.com\/wp-content\/uploads\/2017\/01\/Caja-600-x-600-y-Etiqueta-768x257.jpg 768w, https:\/\/producirenchina.com\/wp-content\/uploads\/2017\/01\/Caja-600-x-600-y-Etiqueta.jpg 1036w\" sizes=\"auto, (max-width: 634px) 100vw, 634px\" \/><strong>Material: <\/strong>PU de alta calidad, cart\u00f3n de alta calidad para las cajas y etiquetas externas<\/p>\n<p style=\"text-align: center;\"><img loading=\"lazy\" decoding=\"async\" class=\"aligncenter wp-image-1722 size-large\" src=\"http:\/\/producirenchina.com\/wp-content\/uploads\/2017\/01\/Billeteras-1024x158.jpg\" alt=\"billeteras\" width=\"900\" height=\"139\" srcset=\"https:\/\/producirenchina.com\/wp-content\/uploads\/2017\/01\/Billeteras-1024x158.jpg 1024w, https:\/\/producirenchina.com\/wp-content\/uploads\/2017\/01\/Billeteras-600x93.jpg 600w, https:\/\/producirenchina.com\/wp-content\/uploads\/2017\/01\/Billeteras-300x46.jpg 300w, https:\/\/producirenchina.com\/wp-content\/uploads\/2017\/01\/Billeteras-768x119.jpg 768w, https:\/\/producirenchina.com\/wp-content\/uploads\/2017\/01\/Billeteras.jpg 1559w\" sizes=\"auto, (max-width: 900px) 100vw, 900px\" \/><\/p>\n<p style=\"text-align: center;\">Todas las partes de las billeteras fueron dise\u00f1adas especialmente seg\u00fan los requerimientos de Plegaria. Todo el proceso de fabricaci\u00f3n tard\u00f3 8\u00a0semanas incluyendo la dedicada selecci\u00f3n de materias primas y la fabricaci\u00f3n del escudo de metal a medida. Las billeteras llevan en la parte interna una impresi\u00f3n 3D con el\u00a0logo de Plegaria.<\/p>\n<p style=\"text-align: center;\"><img loading=\"lazy\" decoding=\"async\" class=\"aligncenter size-medium wp-image-1724\" src=\"http:\/\/producirenchina.com\/wp-content\/uploads\/2017\/01\/Billetera-negra-agujerosFRONTP\u00e1gina-300x169.jpg\" alt=\"billetera-negra-agujerosfrontpagina\" width=\"300\" height=\"169\" srcset=\"https:\/\/producirenchina.com\/wp-content\/uploads\/2017\/01\/Billetera-negra-agujerosFRONTP\u00e1gina-300x169.jpg 300w, https:\/\/producirenchina.com\/wp-content\/uploads\/2017\/01\/Billetera-negra-agujerosFRONTP\u00e1gina-416x234.jpg 416w, https:\/\/producirenchina.com\/wp-content\/uploads\/2017\/01\/Billetera-negra-agujerosFRONTP\u00e1gina.jpg 600w\" sizes=\"auto, (max-width: 300px) 100vw, 300px\" \/>Las billeteras fueron fabricadas seg\u00fan unas muestras espec\u00edficas. En total preparamos tres sets de muestras. El \u00faltimo set de muestra (18 muestras en total una de cada estilo en tres variaciones de color) fue enviado a Argentina por courier al terminar la producci\u00f3n.<\/p>\n<p style=\"text-align: center;\"><img loading=\"lazy\" decoding=\"async\" class=\"aligncenter wp-image-1725 size-large\" src=\"http:\/\/producirenchina.com\/wp-content\/uploads\/2017\/01\/Collage1-1024x215.jpg\" alt=\"collage1\" width=\"900\" height=\"189\" srcset=\"https:\/\/producirenchina.com\/wp-content\/uploads\/2017\/01\/Collage1-1024x215.jpg 1024w, https:\/\/producirenchina.com\/wp-content\/uploads\/2017\/01\/Collage1-600x126.jpg 600w, https:\/\/producirenchina.com\/wp-content\/uploads\/2017\/01\/Collage1-300x63.jpg 300w, https:\/\/producirenchina.com\/wp-content\/uploads\/2017\/01\/Collage1-768x161.jpg 768w, https:\/\/producirenchina.com\/wp-content\/uploads\/2017\/01\/Collage1.jpg 1499w\" sizes=\"auto, (max-width: 900px) 100vw, 900px\" \/><\/p>\n<p style=\"text-align: center;\">La mercader\u00eda fue dividida en 102 cajas de cart\u00f3n y enviada por mar hacia su destino final, Buenos Aires.<\/p>\n<p style=\"text-align: center;\"><img loading=\"lazy\" decoding=\"async\" class=\"aligncenter wp-image-1726 \" src=\"http:\/\/producirenchina.com\/wp-content\/uploads\/2017\/01\/Fabrica3PAGINA-600-x-196.jpg\" alt=\"fabrica3pagina-600-x-196\" width=\"600\" height=\"196\" srcset=\"https:\/\/producirenchina.com\/wp-content\/uploads\/2017\/01\/Fabrica3PAGINA-600-x-196.jpg 600w, https:\/\/producirenchina.com\/wp-content\/uploads\/2017\/01\/Fabrica3PAGINA-600-x-196-416x136.jpg 416w, https:\/\/producirenchina.com\/wp-content\/uploads\/2017\/01\/Fabrica3PAGINA-600-x-196-300x98.jpg 300w\" sizes=\"auto, (max-width: 600px) 100vw, 600px\" \/><\/p>\n<p style=\"text-align: center;\">Les gustar\u00eda producir billeteras en China? Les gustar\u00eda agregar billeteras o carteritas de mujer a su pr\u00f3xima colecci\u00f3n? Vean los modelos que tenemos en nuestro cat\u00e1logo. Ponense en contacto con nosotros!<\/p>\n<p style=\"text-align: center;\">Con este corto art\u00edculo queremos agradecer a Plegaria por confiar en nosotros y por la buena cooperaci\u00f3n que tuvimos. Esperemos tener una larga cooperaci\u00f3n en el futuro.<\/p>\n","protected":false},"excerpt":{"rendered":"<p>Fabricaci\u00f3n de billeteras para el cliente PLEGARIA con la fecha de entrega a fin de Noviembre 2016. Plegaria es una marca joven argentina que crece r\u00e1pido y seguro. Plegaria es nuestro cliente habitual con el que ya producimos en el pasado. Plegaria se especializa en\u00a0indumentaria de hombre joven de alta<\/p>\n","protected":false},"author":2,"featured_media":0,"parent":0,"menu_order":0,"comment_status":"closed","ping_status":"closed","template":"fullwidth.php","meta":{"footnotes":""},"class_list":["post-1734","page","type-page","status-publish","hentry"],"aioseo_notices":[],"jetpack_sharing_enabled":true,"_links":{"self":[{"href":"https:\/\/producirenchina.com\/index.php\/wp-json\/wp\/v2\/pages\/1734","targetHints":{"allow":["GET"]}}],"collection":[{"href":"https:\/\/producirenchina.com\/index.php\/wp-json\/wp\/v2\/pages"}],"about":[{"href":"https:\/\/producirenchina.com\/index.php\/wp-json\/wp\/v2\/types\/page"}],"author":[{"embeddable":true,"href":"https:\/\/producirenchina.com\/index.php\/wp-json\/wp\/v2\/users\/2"}],"replies":[{"embeddable":true,"href":"https:\/\/producirenchina.com\/index.php\/wp-json\/wp\/v2\/comments?post=1734"}],"version-history":[{"count":7,"href":"https:\/\/producirenchina.com\/index.php\/wp-json\/wp\/v2\/pages\/1734\/revisions"}],"predecessor-version":[{"id":1764,"href":"https:\/\/producirenchina.com\/index.php\/wp-json\/wp\/v2\/pages\/1734\/revisions\/1764"}],"wp:attachment":[{"href":"https:\/\/producirenchina.com\/index.php\/wp-json\/wp\/v2\/media?parent=1734"}],"curies":[{"name":"wp","href":"https:\/\/api.w.org\/{rel}","templated":true}]}}