{"id":1361,"date":"2016-12-14T05:24:56","date_gmt":"2016-12-14T05:24:56","guid":{"rendered":"http:\/\/producirenchina.com\/?page_id=1361"},"modified":"2016-12-19T10:24:53","modified_gmt":"2016-12-19T10:24:53","slug":"precios-y-cotizaciones","status":"publish","type":"page","link":"https:\/\/producirenchina.com\/index.php\/es\/precios-y-cotizaciones\/","title":{"rendered":"Precios y Cotizaciones"},"content":{"rendered":"<p style=\"text-align: center;\"><strong>PRECIOS Y COTIZACIONES<\/strong><\/p>\n<p style=\"text-align: center;\">Si ven nuestro cat\u00e1logo pueden notar que los productos no tienen precios. Se trata de modelos y dise\u00f1os que ya producimos. \u00a0Cotizar la producci\u00f3n de una prenda con cierto dise\u00f1o requiere m\u00e1s informaci\u00f3n por parte del\u00a0cliente.<\/p>\n<p style=\"text-align: center;\"><strong>1)<\/strong> Para poder preparar\u00a0una cotizaci\u00f3n exacta, necesitar\u00edamos saber cu\u00e1l ser\u00eda la cantidaded de prendas pedidas en total y en cu\u00e1ntos colores.<\/p>\n<p style=\"text-align: center;\"><strong>2)<\/strong> Necesitar\u00edamos saber que INCOTERMS aplicar\u00eda. Los\u00a0m\u00e1s comunes ser\u00eda EXW o FOB.<\/p>\n<p style=\"text-align: center;\"><strong>3)<\/strong> Se requieren cambios en nuestro dise\u00f1o? Les gustar\u00eda cambiar la tela, relleno, agregar o quitar capucha, agregar o quitar apliques? Tienen su propio dise\u00f1o o muestra? Mandenos la ficha t\u00e9cnica y nosotros la cotizamos.<\/p>\n<p style=\"text-align: center;\"><strong>4)<\/strong> Van a querer que aparezca su logo? Cosido o impreso? Cu\u00e1ntos colores tiene su logo? En cu\u00e1ntos lugares deber\u00eda aparece en el\u00a0producto terminado?<\/p>\n<p style=\"text-align: left;\"><img loading=\"lazy\" decoding=\"async\" class=\"aligncenter wp-image-93\" src=\"http:\/\/producirenchina.com\/wp-content\/uploads\/2016\/08\/PaginaWebCTS.jpg\" alt=\"CTS, China Trading Solution, producci\u00f3n de indumentaria\" width=\"429\" height=\"391\" srcset=\"https:\/\/producirenchina.com\/wp-content\/uploads\/2016\/08\/PaginaWebCTS.jpg 829w, https:\/\/producirenchina.com\/wp-content\/uploads\/2016\/08\/PaginaWebCTS-600x547.jpg 600w, https:\/\/producirenchina.com\/wp-content\/uploads\/2016\/08\/PaginaWebCTS-300x274.jpg 300w, https:\/\/producirenchina.com\/wp-content\/uploads\/2016\/08\/PaginaWebCTS-768x700.jpg 768w\" sizes=\"auto, (max-width: 429px) 100vw, 429px\" \/><\/p>\n<p style=\"text-align: center;\">El precio de cada prenda se puede modificar y ajustar a su presupuesto de producci\u00f3n. Juntos\u00a0podemos ver como hacerla m\u00e1s barata cambiando el material, relleno o reduciendo el n\u00famero de colores usados etc. Distintos materiales y rellenos tienen distintos precios.<\/p>\n<p style=\"text-align: center;\">Otra opci\u00f3n es sumarse a alguna de nuestras producciones. Esto les permitir\u00e1 producir menores cantidades a\u00a0precios m\u00e1s econ\u00f3micos. Sin embargo van a poder elegir solo de colores y dise\u00f1os limitados.<\/p>\n<p style=\"text-align: center;\">En la tabla abajo ponemos algunas opciones de producci\u00f3n. \u00a0Entre la columna izquiera y derecha existen varias otras opciones de mezclas de materiales u otro tipo de alternativas.<\/p>\n<p style=\"text-align: center;\">\u00a0<img loading=\"lazy\" decoding=\"async\" class=\"alignnone wp-image-1369 size-full\" src=\"http:\/\/producirenchina.com\/wp-content\/uploads\/2016\/12\/Tablita2.jpg\" alt=\"Opciones de producci\u00f3n de indumentaria\" width=\"808\" height=\"318\" srcset=\"https:\/\/producirenchina.com\/wp-content\/uploads\/2016\/12\/Tablita2.jpg 808w, https:\/\/producirenchina.com\/wp-content\/uploads\/2016\/12\/Tablita2-600x236.jpg 600w, https:\/\/producirenchina.com\/wp-content\/uploads\/2016\/12\/Tablita2-300x118.jpg 300w, https:\/\/producirenchina.com\/wp-content\/uploads\/2016\/12\/Tablita2-768x302.jpg 768w\" sizes=\"auto, (max-width: 808px) 100vw, 808px\" \/><\/p>\n","protected":false},"excerpt":{"rendered":"<p>PRECIOS Y COTIZACIONES Si ven nuestro cat\u00e1logo pueden notar que los productos no tienen precios. Se trata de modelos y dise\u00f1os que ya producimos. \u00a0Cotizar la producci\u00f3n de una prenda con cierto dise\u00f1o requiere m\u00e1s informaci\u00f3n por parte del\u00a0cliente. 1) Para poder preparar\u00a0una cotizaci\u00f3n exacta, necesitar\u00edamos saber cu\u00e1l ser\u00eda la<\/p>\n","protected":false},"author":2,"featured_media":0,"parent":0,"menu_order":0,"comment_status":"closed","ping_status":"closed","template":"fullwidth.php","meta":{"footnotes":""},"class_list":["post-1361","page","type-page","status-publish","hentry"],"aioseo_notices":[],"jetpack_sharing_enabled":true,"_links":{"self":[{"href":"https:\/\/producirenchina.com\/index.php\/wp-json\/wp\/v2\/pages\/1361","targetHints":{"allow":["GET"]}}],"collection":[{"href":"https:\/\/producirenchina.com\/index.php\/wp-json\/wp\/v2\/pages"}],"about":[{"href":"https:\/\/producirenchina.com\/index.php\/wp-json\/wp\/v2\/types\/page"}],"author":[{"embeddable":true,"href":"https:\/\/producirenchina.com\/index.php\/wp-json\/wp\/v2\/users\/2"}],"replies":[{"embeddable":true,"href":"https:\/\/producirenchina.com\/index.php\/wp-json\/wp\/v2\/comments?post=1361"}],"version-history":[{"count":8,"href":"https:\/\/producirenchina.com\/index.php\/wp-json\/wp\/v2\/pages\/1361\/revisions"}],"predecessor-version":[{"id":1372,"href":"https:\/\/producirenchina.com\/index.php\/wp-json\/wp\/v2\/pages\/1361\/revisions\/1372"}],"wp:attachment":[{"href":"https:\/\/producirenchina.com\/index.php\/wp-json\/wp\/v2\/media?parent=1361"}],"curies":[{"name":"wp","href":"https:\/\/api.w.org\/{rel}","templated":true}]}}