{"id":1318,"date":"2016-12-11T13:35:47","date_gmt":"2016-12-11T13:35:47","guid":{"rendered":"http:\/\/producirenchina.com\/?page_id=1318"},"modified":"2017-01-22T03:25:59","modified_gmt":"2017-01-22T03:25:59","slug":"metodologia-de-trabajo","status":"publish","type":"page","link":"https:\/\/producirenchina.com\/index.php\/es\/metodologia-de-trabajo\/","title":{"rendered":"Metodolog\u00eda de Trabajo"},"content":{"rendered":"<p style=\"text-align: center;\"><strong>METODOLOG\u00cdA DE TRABAJO<\/strong><\/p>\n<p style=\"text-align: center;\">Nos ocupamos de la selecci\u00f3n y compra de las <strong>materias primas<\/strong>, <strong>gesti\u00f3n de muestra<\/strong>, selecci\u00f3n del mejor <strong>packaging interno y externo<\/strong>, elecci\u00f3n del mejor tipo de <strong>impresi\u00f3n para el logo<\/strong> con su marca y el <strong>control de calidad<\/strong> de la producci\u00f3n terminada. Presentamos un reporte de la producci\u00f3n , previo al transporte de la mercader\u00eda al agente de log\u00edstica.<\/p>\n<p style=\"text-align: center;\">Las cantidades m\u00ednimas de producci\u00f3n para productos fabricados a medida,<strong> oscilan alrededor de 300-500 prendas por color y 1000 por estilo<\/strong>, dependiendo del tipo de prenda. Estos m\u00ednimos est\u00e1n dados por el consumo de los rollos de telas, as\u00ed que en algunos casos se podr\u00edan conversar los m\u00ednimos dependiendo de la orden y los modelos elegidos. En el caso de productos que utilicen alguno de nuestros dise\u00f1os que cuenten con inventario, las cantidades pueden ser mucho menores por color y por modelo e incluso podremos poner una etiqueta con su propia marca.<\/p>\n<p style=\"text-align: center;\"><strong>Todas las muestras que aparecen en nuestro cat\u00e1logo online y en nuestra sala de muestras en Argentina, se pueden redise\u00f1ar integramente; incluyendo la selecci\u00f3n de materia prima, color, tipo de cierre, estilo y accesorios.<\/strong><\/p>\n<p style=\"text-align: center;\"><img loading=\"lazy\" decoding=\"async\" class=\"alignnone wp-image-1325\" title=\"Como trabajamos en CTS, nosotros nos concentramos en la producci\u00f3n y usted se cncentra en la venta\" src=\"http:\/\/producirenchina.com\/wp-content\/uploads\/2016\/12\/Webpage2.jpg\" alt=\"Metodolog\u00eda de trabajo en CTS\" width=\"688\" height=\"449\" srcset=\"https:\/\/producirenchina.com\/wp-content\/uploads\/2016\/12\/Webpage2.jpg 1024w, https:\/\/producirenchina.com\/wp-content\/uploads\/2016\/12\/Webpage2-600x391.jpg 600w, https:\/\/producirenchina.com\/wp-content\/uploads\/2016\/12\/Webpage2-300x196.jpg 300w, https:\/\/producirenchina.com\/wp-content\/uploads\/2016\/12\/Webpage2-768x501.jpg 768w\" sizes=\"auto, (max-width: 688px) 100vw, 688px\" \/><\/p>\n<p style=\"text-align: center;\">La metodolog\u00eda de trabajo m\u00e1s habitual es que os proveen con una<a href=\"http:\/\/producirenchina.com\/index.php\/ficha-tecnica\/\"><strong> ficha t\u00e9cnica<\/strong><\/a> con los dise\u00f1os y requerimientos de la prenda, tambi\u00e9n nos podemos basar en una muestra que nos env\u00eden o bien pueden elegir uno de los dise\u00f1os que tenemos en el cat\u00e1logo y trabajar en base de eso.<\/p>\n<p style=\"text-align: center;\">El <strong>incoterm m\u00e1s com\u00fan es FOB<\/strong>, el puerto depende de la prenda a fabricar dado que las f\u00e1bricas se encuentran en distintas regiones de China. Contamos con un dep\u00f3sito donde podr\u00edamos hacer la consolidaci\u00f3n de la mercader\u00eda.<\/p>\n<p style=\"text-align: center;\">Se puede elegir cualquier <strong>color<\/strong> mediante carta de colores <strong>Pantone TPX<\/strong> o de una carta de colores en nuestro showroom. Tambi\u00e9n contamos con un listado con los colores m\u00e1s populares y colores que est\u00e1n marcando tendencia para la pr\u00f3xima temporada (para m\u00e1s informaci\u00f3n sobre los colores que est\u00e1n marcando tendencia vean nuestro <a href=\"http:\/\/producirenchina.com\/index.php\/2016\/08\/31\/colores-del-invierno-y-otono-2016-2017\/\">post<\/a>).<\/p>\n<p style=\"text-align: center;\">Tambi\u00e9n pueden elegir cualquier <strong>curva de talles<\/strong>, lo m\u00e1s com\u00fan es S a XL 1-2-2-1 o bien S a XXL 1-2-3-2-1.<\/p>\n<p style=\"text-align: center;\">La <strong>forma de pago<\/strong> es 30% anticipado y 70% al finalizar la producci\u00f3n se les entregar\u00eda un reporte con fotos para que vean la producci\u00f3n terminada.<\/p>\n<p style=\"text-align: center;\"><strong>Plazos de entrega<\/strong> son promedio 45 d\u00edas sin embargo puede ser m\u00e1s dependiendo del art\u00edculo y los requerimientos. Por ejemplo, un producto que requiera cremalleras YKK aumenta los tiempos de producci\u00f3n en 15 d\u00edas.<\/p>\n<p style=\"text-align: center;\"><strong>Producir indumentaria y disminuir sus costos nunca fue tan f\u00e1cil!<\/strong><\/p>\n<p style=\"text-align: center;\"><strong>Cuenten con nosotros!\u00a0<\/strong><\/p>\n<p style=\"text-align: center;\">\n","protected":false},"excerpt":{"rendered":"<p>METODOLOG\u00cdA DE TRABAJO Nos ocupamos de la selecci\u00f3n y compra de las materias primas, gesti\u00f3n de muestra, selecci\u00f3n del mejor packaging interno y externo, elecci\u00f3n del mejor tipo de impresi\u00f3n para el logo con su marca y el control de calidad de la producci\u00f3n terminada. Presentamos un reporte de la<\/p>\n","protected":false},"author":2,"featured_media":0,"parent":0,"menu_order":0,"comment_status":"closed","ping_status":"closed","template":"fullwidth.php","meta":{"footnotes":""},"class_list":["post-1318","page","type-page","status-publish","hentry"],"aioseo_notices":[],"jetpack_sharing_enabled":true,"_links":{"self":[{"href":"https:\/\/producirenchina.com\/index.php\/wp-json\/wp\/v2\/pages\/1318","targetHints":{"allow":["GET"]}}],"collection":[{"href":"https:\/\/producirenchina.com\/index.php\/wp-json\/wp\/v2\/pages"}],"about":[{"href":"https:\/\/producirenchina.com\/index.php\/wp-json\/wp\/v2\/types\/page"}],"author":[{"embeddable":true,"href":"https:\/\/producirenchina.com\/index.php\/wp-json\/wp\/v2\/users\/2"}],"replies":[{"embeddable":true,"href":"https:\/\/producirenchina.com\/index.php\/wp-json\/wp\/v2\/comments?post=1318"}],"version-history":[{"count":9,"href":"https:\/\/producirenchina.com\/index.php\/wp-json\/wp\/v2\/pages\/1318\/revisions"}],"predecessor-version":[{"id":1901,"href":"https:\/\/producirenchina.com\/index.php\/wp-json\/wp\/v2\/pages\/1318\/revisions\/1901"}],"wp:attachment":[{"href":"https:\/\/producirenchina.com\/index.php\/wp-json\/wp\/v2\/media?parent=1318"}],"curies":[{"name":"wp","href":"https:\/\/api.w.org\/{rel}","templated":true}]}}